{"id":7303,"date":"2023-07-26T17:33:14","date_gmt":"2023-07-26T22:33:14","guid":{"rendered":"https:\/\/canam.com.co\/off-road\/?page_id=7303"},"modified":"2023-12-22T15:35:43","modified_gmt":"2023-12-22T20:35:43","slug":"catalogos","status":"publish","type":"page","link":"https:\/\/canam.com.co\/off-road\/herramientas-de-compra\/catalogos\/","title":{"rendered":"CATALOGOS 2023"},"content":{"rendered":"\t\t<div data-elementor-type=\"wp-page\" data-elementor-id=\"7303\" class=\"elementor elementor-7303\" data-elementor-post-type=\"page\">\n\t\t\t\t\t\t<section class=\"elementor-section elementor-top-section elementor-element elementor-element-82be388 elementor-section-full_width cmp-teaser__image elementor-section-height-default elementor-section-height-default\" data-id=\"82be388\" data-element_type=\"section\" data-settings=\"{&quot;background_background&quot;:&quot;classic&quot;}\">\n\t\t\t\t\t\t<div class=\"elementor-container elementor-column-gap-default\">\n\t\t\t\t\t<div class=\"elementor-column elementor-col-100 elementor-top-column elementor-element elementor-element-5bbe460\" data-id=\"5bbe460\" data-element_type=\"column\">\n\t\t\t<div class=\"elementor-widget-wrap elementor-element-populated\">\n\t\t\t\t\t\t<div class=\"elementor-element elementor-element-bed3c4c elementor-widget elementor-widget-heading\" data-id=\"bed3c4c\" data-element_type=\"widget\" data-widget_type=\"heading.default\">\n\t\t\t\t<div class=\"elementor-widget-container\">\n\t\t\t\t\t<h2 class=\"elementor-heading-title elementor-size-default\">CAT\u00c1LOGOS VITUALES<br>\n<\/h2>\t\t\t\t<\/div>\n\t\t\t\t<\/div>\n\t\t\t\t<div class=\"elementor-element elementor-element-43f23bd elementor-widget elementor-widget-heading\" data-id=\"43f23bd\" data-element_type=\"widget\" data-widget_type=\"heading.default\">\n\t\t\t\t<div class=\"elementor-widget-container\">\n\t\t\t\t\t<span class=\"elementor-heading-title elementor-size-default\">UNA VENTANILLA \u00daNICA PARA TODO LO RELACIONADO CON LA L\u00cdNEA CAN-AM 2023, \u00a1SUS ACCESORIOS, PIEZAS Y EQUIPO\n<\/span>\t\t\t\t<\/div>\n\t\t\t\t<\/div>\n\t\t\t\t\t<\/div>\n\t\t<\/div>\n\t\t\t\t\t<\/div>\n\t\t<\/section>\n\t\t\t\t<section class=\"elementor-section elementor-top-section elementor-element elementor-element-f16765a elementor-section-full_width elementor-section-height-default elementor-section-height-default\" data-id=\"f16765a\" data-element_type=\"section\">\n\t\t\t\t\t\t<div class=\"elementor-container elementor-column-gap-no\">\n\t\t\t\t\t<div class=\"elementor-column elementor-col-100 elementor-top-column elementor-element elementor-element-a29c51a\" data-id=\"a29c51a\" data-element_type=\"column\">\n\t\t\t<div class=\"elementor-widget-wrap elementor-element-populated\">\n\t\t\t\t\t\t<div class=\"elementor-element elementor-element-4beab91 elementor-widget elementor-widget-html\" data-id=\"4beab91\" data-element_type=\"widget\" data-widget_type=\"html.default\">\n\t\t\t\t<div class=\"elementor-widget-container\">\n\t\t\t\t\t<hr style=\"background: linear-gradient(0deg, rgb(255, 199, 44), rgb(255, 199, 44) 50%, rgb(224, 60, 49) 0px, rgb(224, 60, 49));height:20px;width:30%;margin-left:70%;border:0\" \/>\t\t\t\t<\/div>\n\t\t\t\t<\/div>\n\t\t\t\t\t<\/div>\n\t\t<\/div>\n\t\t\t\t\t<\/div>\n\t\t<\/section>\n\t\t\t\t<section class=\"elementor-section elementor-top-section elementor-element elementor-element-5865887 elementor-section-full_width section-1 elementor-section-height-default elementor-section-height-default\" data-id=\"5865887\" data-element_type=\"section\" id=\"section-1\">\n\t\t\t\t\t\t<div class=\"elementor-container elementor-column-gap-default\">\n\t\t\t\t\t<div class=\"elementor-column elementor-col-100 elementor-top-column elementor-element elementor-element-2e4d867\" data-id=\"2e4d867\" data-element_type=\"column\">\n\t\t\t<div class=\"elementor-widget-wrap elementor-element-populated\">\n\t\t\t\t\t\t<div class=\"elementor-element elementor-element-64db9e4 elementor-widget elementor-widget-heading\" data-id=\"64db9e4\" data-element_type=\"widget\" data-widget_type=\"heading.default\">\n\t\t\t\t<div class=\"elementor-widget-container\">\n\t\t\t\t\t<h2 class=\"elementor-heading-title elementor-size-default\">REVISTAS 2023<\/h2>\t\t\t\t<\/div>\n\t\t\t\t<\/div>\n\t\t\t\t<section class=\"elementor-section elementor-inner-section elementor-element elementor-element-97130f9 elementor-section-full_width elementor-section-height-default elementor-section-height-default\" data-id=\"97130f9\" data-element_type=\"section\">\n\t\t\t\t\t\t<div class=\"elementor-container elementor-column-gap-default\">\n\t\t\t\t\t<div class=\"elementor-column elementor-col-25 elementor-inner-column elementor-element elementor-element-b55647b\" data-id=\"b55647b\" data-element_type=\"column\">\n\t\t\t<div class=\"elementor-widget-wrap elementor-element-populated\">\n\t\t\t\t\t\t<div class=\"elementor-element elementor-element-366e8b9 elementor-widget elementor-widget-image\" data-id=\"366e8b9\" data-element_type=\"widget\" data-widget_type=\"image.default\">\n\t\t\t\t<div class=\"elementor-widget-container\">\n\t\t\t\t\t\t\t\t\t\t\t\t\t\t\t\t<a href=\"https:\/\/catalogues.brp.com\/orv-my24-specbook-apparel-enus\/full-view.html?_gl=1*9a4mu7*_ga*NDE1MTQ1NzY0LjE2ODIzNjY2Mzg.*_ga_PDJJ2H9GPG*MTY5MDQwNTYzNC42LjEuMTY5MDQwNjMzNS4zMi4wLjA.&#038;_ga=2.59022893.1216887038.1690403309-415145764.1682366638\" target=\"_blank\" rel=\"noopener\">\n\t\t\t\t\t\t\t<img fetchpriority=\"high\" decoding=\"async\" width=\"750\" height=\"965\" src=\"https:\/\/canam.com.co\/off-road\/wp-content\/uploads\/sites\/2\/2023\/07\/01-Catalogo-Can-Am-Off-Road.jpg\" class=\"elementor-animation-shrink attachment-full size-full wp-image-7334\" alt=\"Revistas 2023 - Can Am Off Road\" srcset=\"https:\/\/canam.com.co\/off-road\/wp-content\/uploads\/sites\/2\/2023\/07\/01-Catalogo-Can-Am-Off-Road.jpg 750w, https:\/\/canam.com.co\/off-road\/wp-content\/uploads\/sites\/2\/2023\/07\/01-Catalogo-Can-Am-Off-Road-233x300.jpg 233w\" sizes=\"(max-width: 750px) 100vw, 750px\" \/>\t\t\t\t\t\t\t\t<\/a>\n\t\t\t\t\t\t\t\t\t\t\t\t\t\t\t<\/div>\n\t\t\t\t<\/div>\n\t\t\t\t\t<\/div>\n\t\t<\/div>\n\t\t\t\t<div class=\"elementor-column elementor-col-25 elementor-inner-column elementor-element elementor-element-0c87a25\" data-id=\"0c87a25\" data-element_type=\"column\">\n\t\t\t<div class=\"elementor-widget-wrap elementor-element-populated\">\n\t\t\t\t\t\t<div class=\"elementor-element elementor-element-4168358 elementor-widget elementor-widget-image\" data-id=\"4168358\" data-element_type=\"widget\" data-widget_type=\"image.default\">\n\t\t\t\t<div class=\"elementor-widget-container\">\n\t\t\t\t\t\t\t\t\t\t\t\t\t\t\t\t<a href=\"https:\/\/catalogues.brp.com\/orv-my23-magalog-rec-enna\/full-view.html?_gl=1*d59xxr*_ga*NDE1MTQ1NzY0LjE2ODIzNjY2Mzg.*_ga_PDJJ2H9GPG*MTY5MDQwOTEzOS43LjAuMTY5MDQwOTEzOS42MC4wLjA.&#038;_ga=2.155161400.1216887038.1690403309-415145764.1682366638\" target=\"_blank\" rel=\"noopener\">\n\t\t\t\t\t\t\t<img decoding=\"async\" width=\"750\" height=\"965\" src=\"https:\/\/canam.com.co\/off-road\/wp-content\/uploads\/sites\/2\/2023\/07\/02-Catalogo-Riding-Strong-Can-Am-Off-Road.jpg\" class=\"elementor-animation-shrink attachment-full size-full wp-image-7335\" alt=\"Revistas 2023 - Can Am Off Road\" srcset=\"https:\/\/canam.com.co\/off-road\/wp-content\/uploads\/sites\/2\/2023\/07\/02-Catalogo-Riding-Strong-Can-Am-Off-Road.jpg 750w, https:\/\/canam.com.co\/off-road\/wp-content\/uploads\/sites\/2\/2023\/07\/02-Catalogo-Riding-Strong-Can-Am-Off-Road-233x300.jpg 233w\" sizes=\"(max-width: 750px) 100vw, 750px\" \/>\t\t\t\t\t\t\t\t<\/a>\n\t\t\t\t\t\t\t\t\t\t\t\t\t\t\t<\/div>\n\t\t\t\t<\/div>\n\t\t\t\t\t<\/div>\n\t\t<\/div>\n\t\t\t\t<div class=\"elementor-column elementor-col-25 elementor-inner-column elementor-element elementor-element-afc2088\" data-id=\"afc2088\" data-element_type=\"column\">\n\t\t\t<div class=\"elementor-widget-wrap elementor-element-populated\">\n\t\t\t\t\t\t<div class=\"elementor-element elementor-element-127b60a elementor-widget elementor-widget-image\" data-id=\"127b60a\" data-element_type=\"widget\" data-widget_type=\"image.default\">\n\t\t\t\t<div class=\"elementor-widget-container\">\n\t\t\t\t\t\t\t\t\t\t\t\t\t\t\t\t<a href=\"https:\/\/catalogues.brp.com\/orv-my23-magalog-sport-enna\/full-view.html?_gl=1*1f7id0a*_ga*NDE1MTQ1NzY0LjE2ODIzNjY2Mzg.*_ga_PDJJ2H9GPG*MTY5MDQwOTEzOS43LjAuMTY5MDQwOTE2NS4zNC4wLjA.&#038;_ga=2.155161400.1216887038.1690403309-415145764.1682366638\" target=\"_blank\" rel=\"noopener\">\n\t\t\t\t\t\t\t<img decoding=\"async\" width=\"750\" height=\"965\" src=\"https:\/\/canam.com.co\/off-road\/wp-content\/uploads\/sites\/2\/2023\/07\/03-Catalogo-Powe-up-Can-Am-Off-Road.jpg\" class=\"elementor-animation-shrink attachment-full size-full wp-image-7336\" alt=\"Revistas 2023 - Can Am Off Road\" srcset=\"https:\/\/canam.com.co\/off-road\/wp-content\/uploads\/sites\/2\/2023\/07\/03-Catalogo-Powe-up-Can-Am-Off-Road.jpg 750w, https:\/\/canam.com.co\/off-road\/wp-content\/uploads\/sites\/2\/2023\/07\/03-Catalogo-Powe-up-Can-Am-Off-Road-233x300.jpg 233w\" sizes=\"(max-width: 750px) 100vw, 750px\" \/>\t\t\t\t\t\t\t\t<\/a>\n\t\t\t\t\t\t\t\t\t\t\t\t\t\t\t<\/div>\n\t\t\t\t<\/div>\n\t\t\t\t\t<\/div>\n\t\t<\/div>\n\t\t\t\t<div class=\"elementor-column elementor-col-25 elementor-inner-column elementor-element elementor-element-36bb006\" data-id=\"36bb006\" data-element_type=\"column\">\n\t\t\t<div class=\"elementor-widget-wrap\">\n\t\t\t\t\t\t\t<\/div>\n\t\t<\/div>\n\t\t\t\t\t<\/div>\n\t\t<\/section>\n\t\t\t\t<div class=\"elementor-element elementor-element-7e6dc71 elementor-widget elementor-widget-heading\" data-id=\"7e6dc71\" data-element_type=\"widget\" data-widget_type=\"heading.default\">\n\t\t\t\t<div class=\"elementor-widget-container\">\n\t\t\t\t\t<h2 class=\"elementor-heading-title elementor-size-default\">SPEC BOOK ACCESORIOS 2023<\/h2>\t\t\t\t<\/div>\n\t\t\t\t<\/div>\n\t\t\t\t<section class=\"elementor-section elementor-inner-section elementor-element elementor-element-0db8af7 elementor-section-full_width elementor-section-height-default elementor-section-height-default\" data-id=\"0db8af7\" data-element_type=\"section\">\n\t\t\t\t\t\t<div class=\"elementor-container elementor-column-gap-default\">\n\t\t\t\t\t<div class=\"elementor-column elementor-col-25 elementor-inner-column elementor-element elementor-element-2e76857\" data-id=\"2e76857\" data-element_type=\"column\">\n\t\t\t<div class=\"elementor-widget-wrap elementor-element-populated\">\n\t\t\t\t\t\t<div class=\"elementor-element elementor-element-d9ea430 elementor-widget elementor-widget-image\" data-id=\"d9ea430\" data-element_type=\"widget\" data-widget_type=\"image.default\">\n\t\t\t\t<div class=\"elementor-widget-container\">\n\t\t\t\t\t\t\t\t\t\t\t\t\t\t\t\t<a href=\"https:\/\/catalogues.brp.com\/orv-my23-5-specbook-atv-enus\/full-view.html?_gl=1*16kut28*_ga*NDE1MTQ1NzY0LjE2ODIzNjY2Mzg.*_ga_PDJJ2H9GPG*MTY5MDQwOTEzOS43LjAuMTY5MDQwOTE4MS4xOC4wLjA.&#038;_ga=2.101564289.1216887038.1690403309-415145764.1682366638\" target=\"_blank\" rel=\"noopener\">\n\t\t\t\t\t\t\t<img loading=\"lazy\" decoding=\"async\" width=\"750\" height=\"965\" src=\"https:\/\/canam.com.co\/off-road\/wp-content\/uploads\/sites\/2\/2023\/07\/04-Catalogo-Can-Am-Off-Road.jpg\" class=\"elementor-animation-shrink attachment-full size-full wp-image-7337\" alt=\"Revistas 2023 - Can Am Off Road\" srcset=\"https:\/\/canam.com.co\/off-road\/wp-content\/uploads\/sites\/2\/2023\/07\/04-Catalogo-Can-Am-Off-Road.jpg 750w, https:\/\/canam.com.co\/off-road\/wp-content\/uploads\/sites\/2\/2023\/07\/04-Catalogo-Can-Am-Off-Road-233x300.jpg 233w\" sizes=\"(max-width: 750px) 100vw, 750px\" \/>\t\t\t\t\t\t\t\t<\/a>\n\t\t\t\t\t\t\t\t\t\t\t\t\t\t\t<\/div>\n\t\t\t\t<\/div>\n\t\t\t\t\t<\/div>\n\t\t<\/div>\n\t\t\t\t<div class=\"elementor-column elementor-col-25 elementor-inner-column elementor-element elementor-element-5771649\" data-id=\"5771649\" data-element_type=\"column\">\n\t\t\t<div class=\"elementor-widget-wrap elementor-element-populated\">\n\t\t\t\t\t\t<div class=\"elementor-element elementor-element-6f7ee90 elementor-widget elementor-widget-image\" data-id=\"6f7ee90\" data-element_type=\"widget\" data-widget_type=\"image.default\">\n\t\t\t\t<div class=\"elementor-widget-container\">\n\t\t\t\t\t\t\t\t\t\t\t\t\t\t\t\t<a href=\"https:\/\/catalogues.brp.com\/orv-my23-5-specbook-atv-enus\/full-view.html?_gl=1*16kut28*_ga*NDE1MTQ1NzY0LjE2ODIzNjY2Mzg.*_ga_PDJJ2H9GPG*MTY5MDQwOTEzOS43LjAuMTY5MDQwOTE4MS4xOC4wLjA.&#038;_ga=2.101564289.1216887038.1690403309-415145764.1682366638\" target=\"_blank\" rel=\"noopener\">\n\t\t\t\t\t\t\t<img loading=\"lazy\" decoding=\"async\" width=\"750\" height=\"965\" src=\"https:\/\/canam.com.co\/off-road\/wp-content\/uploads\/sites\/2\/2023\/07\/05-Catalogo-Can-Am-Off-Road.jpg\" class=\"elementor-animation-shrink attachment-full size-full wp-image-7338\" alt=\"\" srcset=\"https:\/\/canam.com.co\/off-road\/wp-content\/uploads\/sites\/2\/2023\/07\/05-Catalogo-Can-Am-Off-Road.jpg 750w, https:\/\/canam.com.co\/off-road\/wp-content\/uploads\/sites\/2\/2023\/07\/05-Catalogo-Can-Am-Off-Road-233x300.jpg 233w\" sizes=\"(max-width: 750px) 100vw, 750px\" \/>\t\t\t\t\t\t\t\t<\/a>\n\t\t\t\t\t\t\t\t\t\t\t\t\t\t\t<\/div>\n\t\t\t\t<\/div>\n\t\t\t\t\t<\/div>\n\t\t<\/div>\n\t\t\t\t<div class=\"elementor-column elementor-col-25 elementor-inner-column elementor-element elementor-element-9bf2312\" data-id=\"9bf2312\" data-element_type=\"column\">\n\t\t\t<div class=\"elementor-widget-wrap\">\n\t\t\t\t\t\t\t<\/div>\n\t\t<\/div>\n\t\t\t\t<div class=\"elementor-column elementor-col-25 elementor-inner-column elementor-element elementor-element-ae54abc\" data-id=\"ae54abc\" data-element_type=\"column\">\n\t\t\t<div class=\"elementor-widget-wrap\">\n\t\t\t\t\t\t\t<\/div>\n\t\t<\/div>\n\t\t\t\t\t<\/div>\n\t\t<\/section>\n\t\t\t\t\t<\/div>\n\t\t<\/div>\n\t\t\t\t\t<\/div>\n\t\t<\/section>\n\t\t\t\t<section class=\"elementor-section elementor-top-section elementor-element elementor-element-5697bc8d elementor-section-full_width elementor-section-height-min-height elementor-section-items-top elementor-section-height-default\" data-id=\"5697bc8d\" data-element_type=\"section\" data-settings=\"{&quot;background_background&quot;:&quot;classic&quot;}\">\n\t\t\t\t\t\t\t<div class=\"elementor-background-overlay\"><\/div>\n\t\t\t\t\t\t\t<div class=\"elementor-container elementor-column-gap-no\">\n\t\t\t\t\t<div class=\"elementor-column elementor-col-50 elementor-top-column elementor-element elementor-element-11a6e728\" data-id=\"11a6e728\" data-element_type=\"column\">\n\t\t\t<div class=\"elementor-widget-wrap elementor-element-populated\">\n\t\t\t\t\t\t<div class=\"elementor-element elementor-element-755b7c75 elementor-invisible elementor-widget elementor-widget-text-editor\" data-id=\"755b7c75\" data-element_type=\"widget\" data-settings=\"{&quot;_animation&quot;:&quot;slideInRight&quot;}\" data-widget_type=\"text-editor.default\">\n\t\t\t\t<div class=\"elementor-widget-container\">\n\t\t\t\t\t\t\t\t\t<h2 style=\"font-size: 60px;font-family: Saira Condensed\">TOTALMENTE NUEVA; TOTALMENTE EL\u00c9CTRICA<\/h2>\n<span style=\"font-size: 22px;line-height: 0.9px!important\">Renace un cl\u00e1sico 50 a\u00f1os despu\u00e9s.<\/span>\n\nPresentamos dos nuevos modelos para disfrutar a tope de la ciudad y de muchos otros lugares: \u00a1no dejes escapar la pr\u00f3xima generaci\u00f3n de motocicletas Can-Am!\t\t\t\t\t\t\t\t<\/div>\n\t\t\t\t<\/div>\n\t\t\t\t<div class=\"elementor-element elementor-element-513aa996 elementor-align-left elementor-widget elementor-widget-button\" data-id=\"513aa996\" data-element_type=\"widget\" data-widget_type=\"button.default\">\n\t\t\t\t<div class=\"elementor-widget-container\">\n\t\t\t\t\t\t\t\t\t<div class=\"elementor-button-wrapper\">\n\t\t\t\t\t<a class=\"elementor-button elementor-button-link elementor-size-sm\" href=\"https:\/\/canam.com.co\/off-road\/can-am-motocicletas-electricas\/\">\n\t\t\t\t\t\t<span class=\"elementor-button-content-wrapper\">\n\t\t\t\t\t\t\t\t\t<span class=\"elementor-button-text\">PR\u00d3XIMAMENTE<\/span>\n\t\t\t\t\t<\/span>\n\t\t\t\t\t<\/a>\n\t\t\t\t<\/div>\n\t\t\t\t\t\t\t\t<\/div>\n\t\t\t\t<\/div>\n\t\t\t\t\t<\/div>\n\t\t<\/div>\n\t\t\t\t<div class=\"elementor-column elementor-col-50 elementor-top-column elementor-element elementor-element-b23a6b5\" data-id=\"b23a6b5\" data-element_type=\"column\">\n\t\t\t<div class=\"elementor-widget-wrap\">\n\t\t\t\t\t\t\t<\/div>\n\t\t<\/div>\n\t\t\t\t\t<\/div>\n\t\t<\/section>\n\t\t\t\t<section class=\"elementor-section elementor-top-section elementor-element elementor-element-0988da2 elementor-section-full_width elementor-section-height-min-height elementor-section-items-top elementor-section-height-default\" data-id=\"0988da2\" data-element_type=\"section\" data-settings=\"{&quot;background_background&quot;:&quot;classic&quot;}\">\n\t\t\t\t\t\t\t<div class=\"elementor-background-overlay\"><\/div>\n\t\t\t\t\t\t\t<div class=\"elementor-container elementor-column-gap-no\">\n\t\t\t\t\t<div class=\"elementor-column elementor-col-100 elementor-top-column elementor-element elementor-element-0a67b31\" data-id=\"0a67b31\" data-element_type=\"column\">\n\t\t\t<div class=\"elementor-widget-wrap elementor-element-populated\">\n\t\t\t\t\t\t<div class=\"elementor-element elementor-element-b355076 elementor-invisible elementor-widget elementor-widget-text-editor\" data-id=\"b355076\" data-element_type=\"widget\" data-settings=\"{&quot;_animation&quot;:&quot;slideInRight&quot;}\" data-widget_type=\"text-editor.default\">\n\t\t\t\t<div class=\"elementor-widget-container\">\n\t\t\t\t\t\t\t\t\t<h2 style=\"font-size: 50px;font-family: Saira Condensed\">CADA CAMINO ES TUYO<\/h2>\n<span style=\"font-size: 22px;line-height: 0.9px!important\">EXPLORE NUESTRA L\u00cdNEA CAN-AM EN CARRETERA<\/span>\t\t\t\t\t\t\t\t<\/div>\n\t\t\t\t<\/div>\n\t\t\t\t<div class=\"elementor-element elementor-element-8d3f006 elementor-align-center elementor-widget elementor-widget-button\" data-id=\"8d3f006\" data-element_type=\"widget\" data-widget_type=\"button.default\">\n\t\t\t\t<div class=\"elementor-widget-container\">\n\t\t\t\t\t\t\t\t\t<div class=\"elementor-button-wrapper\">\n\t\t\t\t\t<a class=\"elementor-button elementor-button-link elementor-size-sm\" href=\"https:\/\/canam.com.co\/on-road\/\" target=\"_blank\">\n\t\t\t\t\t\t<span class=\"elementor-button-content-wrapper\">\n\t\t\t\t\t\t\t\t\t<span class=\"elementor-button-text\">EXPLORA EN EL CAMINO<\/span>\n\t\t\t\t\t<\/span>\n\t\t\t\t\t<\/a>\n\t\t\t\t<\/div>\n\t\t\t\t\t\t\t\t<\/div>\n\t\t\t\t<\/div>\n\t\t\t\t\t<\/div>\n\t\t<\/div>\n\t\t\t\t\t<\/div>\n\t\t<\/section>\n\t\t\t\t<section class=\"elementor-section elementor-top-section elementor-element elementor-element-e92c009 elementor-section-full_width elementor-hidden-desktop elementor-hidden-tablet elementor-hidden-mobile elementor-section-height-default elementor-section-height-default\" data-id=\"e92c009\" data-element_type=\"section\">\n\t\t\t\t\t\t<div class=\"elementor-container elementor-column-gap-default\">\n\t\t\t\t\t<div class=\"elementor-column elementor-col-100 elementor-top-column elementor-element elementor-element-6ae5a88\" data-id=\"6ae5a88\" data-element_type=\"column\">\n\t\t\t<div class=\"elementor-widget-wrap elementor-element-populated\">\n\t\t\t\t\t\t<div class=\"elementor-element elementor-element-b6463fc elementor-widget elementor-widget-html\" data-id=\"b6463fc\" data-element_type=\"widget\" data-widget_type=\"html.default\">\n\t\t\t\t<div class=\"elementor-widget-container\">\n\t\t\t\t\t<!-- Stackla Widget Embed Code (start) -->\n<div class=\"stackla-widget\" data-ct=\"\" data-hash=\"6088790ac50c2\" data-id=\"81139\" data-title=\"Can-Am LATAM Widget - Landing Pages\" data-ttl=\"60\" style=\"width: 100%;overflow: hidden\" data-init-timestamp=\"1650418460262\" data-uid=\"1\"><\/div>\n\n\n\n<!-- Stackla Widget Embed Code (end) -->\n\n    \n\t\t\t\t<\/div>\n\t\t\t\t<\/div>\n\t\t\t\t\t<\/div>\n\t\t<\/div>\n\t\t\t\t\t<\/div>\n\t\t<\/section>\n\t\t\t\t<section class=\"elementor-section elementor-top-section elementor-element elementor-element-ca94f7a elementor-section-boxed elementor-section-height-default elementor-section-height-default\" data-id=\"ca94f7a\" data-element_type=\"section\">\n\t\t\t\t\t\t<div class=\"elementor-container elementor-column-gap-default\">\n\t\t\t\t\t<div class=\"elementor-column elementor-col-100 elementor-top-column elementor-element elementor-element-f3f94bd\" data-id=\"f3f94bd\" data-element_type=\"column\">\n\t\t\t<div class=\"elementor-widget-wrap\">\n\t\t\t\t\t\t\t<\/div>\n\t\t<\/div>\n\t\t\t\t\t<\/div>\n\t\t<\/section>\n\t\t\t\t<\/div>\n\t\t","protected":false},"excerpt":{"rendered":"<p>CAT\u00c1LOGOS VITUALES UNA VENTANILLA \u00daNICA PARA TODO LO RELACIONADO CON LA L\u00cdNEA CAN-AM 2023, \u00a1SUS ACCESORIOS, PIEZAS Y EQUIPO REVISTAS 2023 SPEC BOOK ACCESORIOS 2023 TOTALMENTE NUEVA; TOTALMENTE EL\u00c9CTRICA Renace un cl\u00e1sico 50 a\u00f1os despu\u00e9s. Presentamos dos nuevos modelos para disfrutar a tope de la ciudad y de muchos otros lugares: \u00a1no dejes escapar la [&hellip;]<\/p>\n","protected":false},"author":1,"featured_media":0,"parent":1293,"menu_order":0,"comment_status":"closed","ping_status":"closed","template":"elementor_header_footer","meta":{"footnotes":""},"class_list":["post-7303","page","type-page","status-publish","hentry"],"_links":{"self":[{"href":"https:\/\/canam.com.co\/off-road\/wp-json\/wp\/v2\/pages\/7303","targetHints":{"allow":["GET"]}}],"collection":[{"href":"https:\/\/canam.com.co\/off-road\/wp-json\/wp\/v2\/pages"}],"about":[{"href":"https:\/\/canam.com.co\/off-road\/wp-json\/wp\/v2\/types\/page"}],"author":[{"embeddable":true,"href":"https:\/\/canam.com.co\/off-road\/wp-json\/wp\/v2\/users\/1"}],"replies":[{"embeddable":true,"href":"https:\/\/canam.com.co\/off-road\/wp-json\/wp\/v2\/comments?post=7303"}],"version-history":[{"count":32,"href":"https:\/\/canam.com.co\/off-road\/wp-json\/wp\/v2\/pages\/7303\/revisions"}],"predecessor-version":[{"id":8426,"href":"https:\/\/canam.com.co\/off-road\/wp-json\/wp\/v2\/pages\/7303\/revisions\/8426"}],"up":[{"embeddable":true,"href":"https:\/\/canam.com.co\/off-road\/wp-json\/wp\/v2\/pages\/1293"}],"wp:attachment":[{"href":"https:\/\/canam.com.co\/off-road\/wp-json\/wp\/v2\/media?parent=7303"}],"curies":[{"name":"wp","href":"https:\/\/api.w.org\/{rel}","templated":true}]}}